{"id":4915,"date":"2020-03-30T20:42:53","date_gmt":"2020-03-30T23:42:53","guid":{"rendered":"http:\/\/www.aislamax.com.ar\/?page_id=4915"},"modified":"2020-03-30T20:42:53","modified_gmt":"2020-03-30T23:42:53","slug":"max","status":"publish","type":"page","link":"https:\/\/www.aislamax.com.ar\/en\/max\/","title":{"rendered":"Max"},"content":{"rendered":"[vc_row type=&#8221;full_width_background&#8221; full_screen_row_position=&#8221;middle&#8221; bg_image=&#8221;1866&#8243; bg_position=&#8221;left top&#8221; bg_repeat=&#8221;no-repeat&#8221; bg_color=&#8221;#1fc4f4&#8243; scene_position=&#8221;center&#8221; text_color=&#8221;light&#8221; text_align=&#8221;left&#8221; top_padding=&#8221;30&#8243; bottom_padding=&#8221;30&#8243; overlay_strength=&#8221;0.3&#8243; shape_divider_position=&#8221;bottom&#8221; bg_image_animation=&#8221;none&#8221; shape_type=&#8221;&#8221;][vc_column column_padding=&#8221;no-extra-padding&#8221; column_padding_position=&#8221;all&#8221; background_color_opacity=&#8221;1&#8243; background_hover_color_opacity=&#8221;1&#8243; column_link_target=&#8221;_self&#8221; column_shadow=&#8221;none&#8221; column_border_radius=&#8221;none&#8221; width=&#8221;1\/1&#8243; tablet_width_inherit=&#8221;default&#8221; tablet_text_alignment=&#8221;default&#8221; phone_text_alignment=&#8221;default&#8221; column_border_width=&#8221;none&#8221; column_border_style=&#8221;solid&#8221; bg_image_animation=&#8221;none&#8221;][vc_custom_heading text=&#8221;CONOZCA A MAX!&#8221; font_container=&#8221;tag:h2|font_size:40|text_align:center&#8221; google_fonts=&#8221;font_family:Ubuntu%3A300%2C300italic%2Cregular%2Citalic%2C500%2C500italic%2C700%2C700italic|font_style:500%20bold%20regular%3A500%3Anormal&#8221;][\/vc_column][\/vc_row][vc_row type=&#8221;in_container&#8221; full_screen_row_position=&#8221;middle&#8221; equal_height=&#8221;yes&#8221; scene_position=&#8221;center&#8221; text_color=&#8221;dark&#8221; text_align=&#8221;left&#8221; top_padding=&#8221;20&#8243; overlay_strength=&#8221;0.3&#8243; shape_divider_position=&#8221;bottom&#8221; bg_image_animation=&#8221;none&#8221; shape_type=&#8221;&#8221;][vc_column column_padding=&#8221;padding-2-percent&#8221; column_padding_position=&#8221;all&#8221; background_color=&#8221;#ffffff&#8221; background_color_opacity=&#8221;1&#8243; background_hover_color_opacity=&#8221;1&#8243; column_link_target=&#8221;_self&#8221; column_shadow=&#8221;none&#8221; column_border_radius=&#8221;none&#8221; width=&#8221;1\/2&#8243; tablet_width_inherit=&#8221;default&#8221; tablet_text_alignment=&#8221;default&#8221; phone_text_alignment=&#8221;default&#8221; column_border_width=&#8221;none&#8221; column_border_style=&#8221;solid&#8221; bg_image_animation=&#8221;none&#8221;][vc_column_text]\n<h3><strong>\u00bfQui\u00e9n es Max?<\/strong><\/h3>\n<p>Desde el a\u00f1o 2012 <strong>Max<\/strong> es la mascota oficial de Aislantes Aislamax.<br \/>\nSu primera aparici\u00f3n fue en un folleto del producto &#8220;Espuma Aislamax&#8221; junto a la nueva imagen institucional de la empresa. Luego comenz\u00f3 a ser protagonista de todas las piezas gr\u00e1ficas de la empresa.<\/p>\n<p>En el a\u00f1o 2013 hizo su aparici\u00f3n en el Torneo de Verano de F\u00fatbol con un banner publicitario, al pasar los a\u00f1os apareci\u00f3 en distintas publicidades del f\u00fatbol argentino. En el a\u00f1o 2015 se cre\u00f3 el &#8220;Premio Aislamax al mejor jugador del partido&#8221; y se le entregaba al finalizar el encuentro un premio con la imagen de Max. En el a\u00f1o 2016 se sum\u00f3 su aparici\u00f3n virtual en el entretiempo apareciendo en medio de la chancha de f\u00fatbol.<\/p>\n<p>Desde el a\u00f1o 2018 forma parte de la publicidad est\u00e1tica en los estadios del f\u00fatbol argentino como parte de la campa\u00f1a &#8220;Con Aislamax Ahorr\u00e1 m\u00e1s luz y gas&#8221; en donde adem\u00e1s fue animador por primera vez.<\/p>\n<p>Desde el a\u00f1o 2019 Max presenta los partidos de la fecha en la cuenta de <a href=\"http:\/\/instagram.com\/aislamax\">Instagram<\/a> de la empresa.<\/p>\n<p>Su imagen apareci\u00f3 en remeras, gorras, publicidades en revistas, TV, y un sin n\u00famero de art\u00edculos publicitarios.[\/vc_column_text][\/vc_column][vc_column centered_text=&#8221;true&#8221; column_padding=&#8221;no-extra-padding&#8221; column_padding_position=&#8221;all&#8221; background_color_opacity=&#8221;1&#8243; background_hover_color_opacity=&#8221;1&#8243; column_link_target=&#8221;_self&#8221; column_shadow=&#8221;none&#8221; column_border_radius=&#8221;none&#8221; width=&#8221;1\/2&#8243; tablet_width_inherit=&#8221;default&#8221; tablet_text_alignment=&#8221;default&#8221; phone_text_alignment=&#8221;default&#8221; column_border_width=&#8221;none&#8221; column_border_style=&#8221;solid&#8221; bg_image_animation=&#8221;none&#8221;][vc_gallery type=&#8221;flexslider_style&#8221; images=&#8221;4921,4922,4923,4924,4925,4926&#8243; onclick=&#8221;link_no&#8221;][vc_row_inner column_margin=&#8221;default&#8221; text_align=&#8221;left&#8221;][vc_column_inner column_padding=&#8221;no-extra-padding&#8221; column_padding_position=&#8221;all&#8221; background_color_opacity=&#8221;1&#8243; background_hover_color_opacity=&#8221;1&#8243; column_shadow=&#8221;none&#8221; column_border_radius=&#8221;none&#8221; column_link_target=&#8221;_self&#8221; width=&#8221;1\/1&#8243; tablet_width_inherit=&#8221;default&#8221; column_border_width=&#8221;none&#8221; column_border_style=&#8221;solid&#8221; bg_image_animation=&#8221;none&#8221;][image_with_animation image_url=&#8221;4931&#8243; alignment=&#8221;&#8221; animation=&#8221;Fade In&#8221; img_link_target=&#8221;_blank&#8221; border_radius=&#8221;none&#8221; box_shadow=&#8221;none&#8221; max_width=&#8221;100%&#8221; img_link=&#8221;https:\/\/www.aislamax.com.ar\/wp-content\/uploads\/2020\/03\/Max_para_pintar_Aislamax.pdf&#8221;][\/vc_column_inner][\/vc_row_inner][\/vc_column][\/vc_row][vc_row type=&#8221;in_container&#8221; full_screen_row_position=&#8221;middle&#8221; scene_position=&#8221;center&#8221; text_color=&#8221;dark&#8221; text_align=&#8221;left&#8221; overlay_strength=&#8221;0.3&#8243; shape_divider_position=&#8221;bottom&#8221; bg_image_animation=&#8221;none&#8221;][vc_column column_padding=&#8221;no-extra-padding&#8221; column_padding_position=&#8221;all&#8221; background_color_opacity=&#8221;1&#8243; background_hover_color_opacity=&#8221;1&#8243; column_link_target=&#8221;_self&#8221; column_shadow=&#8221;none&#8221; column_border_radius=&#8221;none&#8221; width=&#8221;1\/2&#8243; tablet_width_inherit=&#8221;default&#8221; tablet_text_alignment=&#8221;default&#8221; phone_text_alignment=&#8221;default&#8221; column_border_width=&#8221;none&#8221; column_border_style=&#8221;solid&#8221; bg_image_animation=&#8221;none&#8221;][vc_video link=&#8221;https:\/\/www.youtube.com\/watch?time_continue=27&amp;v=bFy4paDd1So&amp;feature=emb_title&#8221;][\/vc_column][vc_column column_padding=&#8221;no-extra-padding&#8221; column_padding_position=&#8221;all&#8221; background_color_opacity=&#8221;1&#8243; background_hover_color_opacity=&#8221;1&#8243; column_link_target=&#8221;_self&#8221; column_shadow=&#8221;none&#8221; column_border_radius=&#8221;none&#8221; width=&#8221;1\/2&#8243; tablet_width_inherit=&#8221;default&#8221; tablet_text_alignment=&#8221;default&#8221; phone_text_alignment=&#8221;default&#8221; column_border_width=&#8221;none&#8221; column_border_style=&#8221;solid&#8221; bg_image_animation=&#8221;none&#8221;][vc_video link=&#8221;https:\/\/youtu.be\/0ITTJPvpSeU&#8221;][\/vc_column][\/vc_row][vc_row type=&#8221;in_container&#8221; full_screen_row_position=&#8221;middle&#8221; scene_position=&#8221;center&#8221; text_color=&#8221;dark&#8221; text_align=&#8221;left&#8221; overlay_strength=&#8221;0.3&#8243; shape_divider_position=&#8221;bottom&#8221; bg_image_animation=&#8221;none&#8221;][vc_column column_padding=&#8221;no-extra-padding&#8221; column_padding_position=&#8221;all&#8221; background_color_opacity=&#8221;1&#8243; background_hover_color_opacity=&#8221;1&#8243; column_link_target=&#8221;_self&#8221; column_shadow=&#8221;none&#8221; column_border_radius=&#8221;none&#8221; width=&#8221;1\/2&#8243; tablet_width_inherit=&#8221;default&#8221; tablet_text_alignment=&#8221;default&#8221; phone_text_alignment=&#8221;default&#8221; column_border_width=&#8221;none&#8221; column_border_style=&#8221;solid&#8221; bg_image_animation=&#8221;none&#8221;][vc_video link=&#8221;https:\/\/youtu.be\/orjbBlsUrRM&#8221;][\/vc_column][vc_column column_padding=&#8221;no-extra-padding&#8221; column_padding_position=&#8221;all&#8221; background_color_opacity=&#8221;1&#8243; background_hover_color_opacity=&#8221;1&#8243; column_link_target=&#8221;_self&#8221; column_shadow=&#8221;none&#8221; column_border_radius=&#8221;none&#8221; width=&#8221;1\/2&#8243; tablet_width_inherit=&#8221;default&#8221; tablet_text_alignment=&#8221;default&#8221; phone_text_alignment=&#8221;default&#8221; column_border_width=&#8221;none&#8221; column_border_style=&#8221;solid&#8221; bg_image_animation=&#8221;none&#8221;][vc_video link=&#8221;https:\/\/www.youtube.com\/watch?v=H-8IBaU_w7U&#8221;][\/vc_column][\/vc_row]\n","protected":false},"excerpt":{"rendered":"<p>[vc_row type=&#8221;full_width_background&#8221; full_screen_row_position=&#8221;middle&#8221; bg_image=&#8221;1866&#8243; bg_position=&#8221;left top&#8221; bg_repeat=&#8221;no-repeat&#8221; bg_color=&#8221;#1fc4f4&#8243; scene_position=&#8221;center&#8221; text_color=&#8221;light&#8221; text_align=&#8221;left&#8221; top_padding=&#8221;30&#8243; bottom_padding=&#8221;30&#8243; overlay_strength=&#8221;0.3&#8243; shape_divider_position=&#8221;bottom&#8221; bg_image_animation=&#8221;none&#8221; shape_type=&#8221;&#8221;][vc_column column_padding=&#8221;no-extra-padding&#8221; column_padding_position=&#8221;all&#8221; background_color_opacity=&#8221;1&#8243; background_hover_color_opacity=&#8221;1&#8243; column_link_target=&#8221;_self&#8221; column_shadow=&#8221;none&#8221; column_border_radius=&#8221;none&#8221; width=&#8221;1\/1&#8243; tablet_width_inherit=&#8221;default&#8221; tablet_text_alignment=&#8221;default&#8221; phone_text_alignment=&#8221;default&#8221; column_border_width=&#8221;none&#8221; column_border_style=&#8221;solid&#8221;&#8230;<\/p>\n","protected":false},"author":1,"featured_media":0,"parent":0,"menu_order":0,"comment_status":"closed","ping_status":"closed","template":"","meta":[],"translation":{"provider":"WPGlobus","version":"3.0.1","language":"en","enabled_languages":["es","en"],"languages":{"es":{"title":true,"content":true,"excerpt":false},"en":{"title":false,"content":false,"excerpt":false}}},"yoast_head":"<!-- This site is optimized with the Yoast SEO plugin v19.13 - https:\/\/yoast.com\/wordpress\/plugins\/seo\/ -->\n<title>Max - :: Aislamax :: (English)<\/title>\n<meta name=\"robots\" content=\"index, follow, max-snippet:-1, max-image-preview:large, max-video-preview:-1\" \/>\n<link rel=\"canonical\" href=\"https:\/\/www.aislamax.com.ar\/en\/max\/\" \/>\n<meta property=\"og:locale\" content=\"en_US\" \/>\n<meta property=\"og:type\" content=\"article\" \/>\n<meta property=\"og:title\" content=\"Max - :: Aislamax :: (English)\" \/>\n<meta property=\"og:url\" content=\"https:\/\/www.aislamax.com.ar\/en\/max\/\" \/>\n<meta property=\"og:site_name\" content=\":: Aislamax :: (English)\" \/>\n<meta property=\"article:publisher\" content=\"https:\/\/www.facebook.com\/Aislamax\" \/>\n<meta name=\"twitter:card\" content=\"summary_large_image\" \/>\n<meta name=\"twitter:site\" content=\"@aislamax\" \/>\n<meta name=\"twitter:label1\" content=\"Est. reading time\" \/>\n\t<meta name=\"twitter:data1\" content=\"5 minutes\" \/>\n<script type=\"application\/ld+json\" class=\"yoast-schema-graph\">{\"@context\":\"https:\/\/schema.org\",\"@graph\":[{\"@type\":\"WebPage\",\"@id\":\"https:\/\/www.aislamax.com.ar\/en\/max\/\",\"url\":\"https:\/\/www.aislamax.com.ar\/en\/max\/\",\"name\":\"Max - :: Aislamax :: (English)\",\"isPartOf\":{\"@id\":\"https:\/\/www.aislamax.com.ar\/#website\"},\"datePublished\":\"2020-03-30T23:42:53+00:00\",\"dateModified\":\"2020-03-30T23:42:53+00:00\",\"breadcrumb\":{\"@id\":\"https:\/\/www.aislamax.com.ar\/en\/max\/#breadcrumb\"},\"inLanguage\":\"en-US\",\"potentialAction\":[{\"@type\":\"ReadAction\",\"target\":[\"https:\/\/www.aislamax.com.ar\/en\/max\/\"]}]},{\"@type\":\"BreadcrumbList\",\"@id\":\"https:\/\/www.aislamax.com.ar\/en\/max\/#breadcrumb\",\"itemListElement\":[{\"@type\":\"ListItem\",\"position\":1,\"name\":\"Inicio\",\"item\":\"https:\/\/www.aislamax.com.ar\/\"},{\"@type\":\"ListItem\",\"position\":2,\"name\":\"Max\"}]},{\"@type\":\"WebSite\",\"@id\":\"https:\/\/www.aislamax.com.ar\/#website\",\"url\":\"https:\/\/www.aislamax.com.ar\/\",\"name\":\":: Aislamax :: (English)\",\"description\":\"Aislamax - Official website\",\"publisher\":{\"@id\":\"https:\/\/www.aislamax.com.ar\/#organization\"},\"potentialAction\":[{\"@type\":\"SearchAction\",\"target\":{\"@type\":\"EntryPoint\",\"urlTemplate\":\"https:\/\/www.aislamax.com.ar\/?s={search_term_string}\"},\"query-input\":\"required name=search_term_string\"}],\"inLanguage\":\"en-US\"},{\"@type\":\"Organization\",\"@id\":\"https:\/\/www.aislamax.com.ar\/#organization\",\"name\":\"Aislantes T\u00e9rmicos Aislamax (Faterm S.A.)\",\"url\":\"https:\/\/www.aislamax.com.ar\/\",\"logo\":{\"@type\":\"ImageObject\",\"inLanguage\":\"en-US\",\"@id\":\"https:\/\/www.aislamax.com.ar\/#\/schema\/logo\/image\/\",\"url\":\"https:\/\/www.aislamax.com.ar\/wp-content\/uploads\/2017\/11\/logo_Aislamax_mail_nuevo.jpg\",\"contentUrl\":\"https:\/\/www.aislamax.com.ar\/wp-content\/uploads\/2017\/11\/logo_Aislamax_mail_nuevo.jpg\",\"width\":200,\"height\":52,\"caption\":\"Aislantes T\u00e9rmicos Aislamax (Faterm S.A.)\"},\"image\":{\"@id\":\"https:\/\/www.aislamax.com.ar\/#\/schema\/logo\/image\/\"},\"sameAs\":[\"https:\/\/www.instagram.com\/aislamax\/\",\"https:\/\/www.youtube.com\/channel\/UC3g0pVe_xVNOc2rfcEaUYwg?feature=watch\",\"https:\/\/www.facebook.com\/Aislamax\",\"https:\/\/twitter.com\/aislamax\"]}]}<\/script>\n<!-- \/ Yoast SEO plugin. -->","yoast_head_json":{"title":"Max - :: Aislamax :: (English)","robots":{"index":"index","follow":"follow","max-snippet":"max-snippet:-1","max-image-preview":"max-image-preview:large","max-video-preview":"max-video-preview:-1"},"canonical":"https:\/\/www.aislamax.com.ar\/en\/max\/","og_locale":"en_US","og_type":"article","og_title":"Max - :: Aislamax :: (English)","og_url":"https:\/\/www.aislamax.com.ar\/en\/max\/","og_site_name":":: Aislamax :: (English)","article_publisher":"https:\/\/www.facebook.com\/Aislamax","twitter_card":"summary_large_image","twitter_site":"@aislamax","twitter_misc":{"Est. reading time":"5 minutes"},"schema":{"@context":"https:\/\/schema.org","@graph":[{"@type":"WebPage","@id":"https:\/\/www.aislamax.com.ar\/en\/max\/","url":"https:\/\/www.aislamax.com.ar\/en\/max\/","name":"Max - :: Aislamax :: (English)","isPartOf":{"@id":"https:\/\/www.aislamax.com.ar\/#website"},"datePublished":"2020-03-30T23:42:53+00:00","dateModified":"2020-03-30T23:42:53+00:00","breadcrumb":{"@id":"https:\/\/www.aislamax.com.ar\/en\/max\/#breadcrumb"},"inLanguage":"en-US","potentialAction":[{"@type":"ReadAction","target":["https:\/\/www.aislamax.com.ar\/en\/max\/"]}]},{"@type":"BreadcrumbList","@id":"https:\/\/www.aislamax.com.ar\/en\/max\/#breadcrumb","itemListElement":[{"@type":"ListItem","position":1,"name":"Inicio","item":"https:\/\/www.aislamax.com.ar\/"},{"@type":"ListItem","position":2,"name":"Max"}]},{"@type":"WebSite","@id":"https:\/\/www.aislamax.com.ar\/#website","url":"https:\/\/www.aislamax.com.ar\/","name":":: Aislamax :: (English)","description":"Aislamax - Official website","publisher":{"@id":"https:\/\/www.aislamax.com.ar\/#organization"},"potentialAction":[{"@type":"SearchAction","target":{"@type":"EntryPoint","urlTemplate":"https:\/\/www.aislamax.com.ar\/?s={search_term_string}"},"query-input":"required name=search_term_string"}],"inLanguage":"en-US"},{"@type":"Organization","@id":"https:\/\/www.aislamax.com.ar\/#organization","name":"Aislantes T\u00e9rmicos Aislamax (Faterm S.A.)","url":"https:\/\/www.aislamax.com.ar\/","logo":{"@type":"ImageObject","inLanguage":"en-US","@id":"https:\/\/www.aislamax.com.ar\/#\/schema\/logo\/image\/","url":"https:\/\/www.aislamax.com.ar\/wp-content\/uploads\/2017\/11\/logo_Aislamax_mail_nuevo.jpg","contentUrl":"https:\/\/www.aislamax.com.ar\/wp-content\/uploads\/2017\/11\/logo_Aislamax_mail_nuevo.jpg","width":200,"height":52,"caption":"Aislantes T\u00e9rmicos Aislamax (Faterm S.A.)"},"image":{"@id":"https:\/\/www.aislamax.com.ar\/#\/schema\/logo\/image\/"},"sameAs":["https:\/\/www.instagram.com\/aislamax\/","https:\/\/www.youtube.com\/channel\/UC3g0pVe_xVNOc2rfcEaUYwg?feature=watch","https:\/\/www.facebook.com\/Aislamax","https:\/\/twitter.com\/aislamax"]}]}},"_links":{"self":[{"href":"https:\/\/www.aislamax.com.ar\/en\/wp-json\/wp\/v2\/pages\/4915"}],"collection":[{"href":"https:\/\/www.aislamax.com.ar\/en\/wp-json\/wp\/v2\/pages"}],"about":[{"href":"https:\/\/www.aislamax.com.ar\/en\/wp-json\/wp\/v2\/types\/page"}],"author":[{"embeddable":true,"href":"https:\/\/www.aislamax.com.ar\/en\/wp-json\/wp\/v2\/users\/1"}],"replies":[{"embeddable":true,"href":"https:\/\/www.aislamax.com.ar\/en\/wp-json\/wp\/v2\/comments?post=4915"}],"version-history":[{"count":10,"href":"https:\/\/www.aislamax.com.ar\/en\/wp-json\/wp\/v2\/pages\/4915\/revisions"}],"predecessor-version":[{"id":4935,"href":"https:\/\/www.aislamax.com.ar\/en\/wp-json\/wp\/v2\/pages\/4915\/revisions\/4935"}],"wp:attachment":[{"href":"https:\/\/www.aislamax.com.ar\/en\/wp-json\/wp\/v2\/media?parent=4915"}],"curies":[{"name":"wp","href":"https:\/\/api.w.org\/{rel}","templated":true}]}}